{"id":584,"date":"2021-10-13T16:05:43","date_gmt":"2021-10-13T14:05:43","guid":{"rendered":"https:\/\/normank.staging7.colorz.fr\/?page_id=584"},"modified":"2022-02-11T16:55:42","modified_gmt":"2022-02-11T15:55:42","slug":"le-financement","status":"publish","type":"page","link":"https:\/\/www.norman-k.com\/fr\/le-financement\/","title":{"rendered":"Le financement"},"content":{"rendered":"","protected":false},"excerpt":{"rendered":"","protected":false},"author":1,"featured_media":806,"parent":0,"menu_order":0,"comment_status":"closed","ping_status":"closed","template":"","meta":{"_acf_changed":false,"footnotes":""},"class_list":["post-584","page","type-page","status-publish","has-post-thumbnail","hentry"],"acf":[],"yoast_head":"<!-- This site is optimized with the Yoast SEO plugin v27.1.1 - https:\/\/yoast.com\/product\/yoast-seo-wordpress\/ -->\n<title>Le financement &#8212; Norman K<\/title>\n<meta name=\"description\" content=\"Norman K. propose un service de recherche en financement pour toute sa client\u00e8le, priv\u00e9e ou professionnelle, du conseil en structuration au closing, en passant par la recherche de partenaire bancaire, faisant b\u00e9n\u00e9ficier sa client\u00e8le de son exp\u00e9rience et de ses r\u00e9seaux.\" \/>\n<meta name=\"robots\" content=\"index, follow, max-snippet:-1, max-image-preview:large, max-video-preview:-1\" \/>\n<link rel=\"canonical\" href=\"https:\/\/www.norman-k.com\/fr\/le-financement\/\" \/>\n<meta property=\"og:locale\" content=\"fr_FR\" \/>\n<meta property=\"og:type\" content=\"article\" \/>\n<meta property=\"og:title\" content=\"Le financement &#8212; Norman K\" \/>\n<meta property=\"og:description\" content=\"Norman K. propose un service de recherche en financement pour toute sa client\u00e8le, priv\u00e9e ou professionnelle, du conseil en structuration au closing, en passant par la recherche de partenaire bancaire, faisant b\u00e9n\u00e9ficier sa client\u00e8le de son exp\u00e9rience et de ses r\u00e9seaux.\" \/>\n<meta property=\"og:url\" content=\"https:\/\/www.norman-k.com\/fr\/le-financement\/\" \/>\n<meta property=\"og:site_name\" content=\"Norman K\" \/>\n<meta property=\"article:modified_time\" content=\"2022-02-11T15:55:42+00:00\" \/>\n<meta property=\"og:image\" content=\"https:\/\/www.norman-k.com\/wp-content\/uploads\/2021\/11\/iStock-1253306868-1024x683.jpg\" \/>\n\t<meta property=\"og:image:width\" content=\"1024\" \/>\n\t<meta property=\"og:image:height\" content=\"683\" \/>\n\t<meta property=\"og:image:type\" content=\"image\/jpeg\" \/>\n<meta name=\"twitter:card\" content=\"summary_large_image\" \/>\n<script type=\"application\/ld+json\" class=\"yoast-schema-graph\">{\"@context\":\"https:\/\/schema.org\",\"@graph\":[{\"@type\":\"WebPage\",\"@id\":\"https:\/\/www.norman-k.com\/fr\/le-financement\/\",\"url\":\"https:\/\/www.norman-k.com\/fr\/le-financement\/\",\"name\":\"Le financement &#8212; Norman K\",\"isPartOf\":{\"@id\":\"https:\/\/www.norman-k.com\/#website\"},\"primaryImageOfPage\":{\"@id\":\"https:\/\/www.norman-k.com\/fr\/le-financement\/#primaryimage\"},\"image\":{\"@id\":\"https:\/\/www.norman-k.com\/fr\/le-financement\/#primaryimage\"},\"thumbnailUrl\":\"https:\/\/www.norman-k.com\/wp-content\/uploads\/2021\/11\/iStock-1253306868.jpg\",\"datePublished\":\"2021-10-13T14:05:43+00:00\",\"dateModified\":\"2022-02-11T15:55:42+00:00\",\"description\":\"Norman K. propose un service de recherche en financement pour toute sa client\u00e8le, priv\u00e9e ou professionnelle, du conseil en structuration au closing, en passant par la recherche de partenaire bancaire, faisant b\u00e9n\u00e9ficier sa client\u00e8le de son exp\u00e9rience et de ses r\u00e9seaux.\",\"breadcrumb\":{\"@id\":\"https:\/\/www.norman-k.com\/fr\/le-financement\/#breadcrumb\"},\"inLanguage\":\"fr-FR\",\"potentialAction\":[{\"@type\":\"ReadAction\",\"target\":[\"https:\/\/www.norman-k.com\/fr\/le-financement\/\"]}]},{\"@type\":\"ImageObject\",\"inLanguage\":\"fr-FR\",\"@id\":\"https:\/\/www.norman-k.com\/fr\/le-financement\/#primaryimage\",\"url\":\"https:\/\/www.norman-k.com\/wp-content\/uploads\/2021\/11\/iStock-1253306868.jpg\",\"contentUrl\":\"https:\/\/www.norman-k.com\/wp-content\/uploads\/2021\/11\/iStock-1253306868.jpg\",\"width\":2121,\"height\":1414,\"caption\":\"Milan, Italy, 06.29.2020: Vertical Forest (Bosco Verticale) Innovative Green House Skyscraper representing commitment to sustainable economy designed by Boeri Studio\"},{\"@type\":\"BreadcrumbList\",\"@id\":\"https:\/\/www.norman-k.com\/fr\/le-financement\/#breadcrumb\",\"itemListElement\":[{\"@type\":\"ListItem\",\"position\":1,\"name\":\"Accueil\",\"item\":\"https:\/\/www.norman-k.com\/fr\/\"},{\"@type\":\"ListItem\",\"position\":2,\"name\":\"Le financement\"}]},{\"@type\":\"WebSite\",\"@id\":\"https:\/\/www.norman-k.com\/#website\",\"url\":\"https:\/\/www.norman-k.com\/\",\"name\":\"Norman K\",\"description\":\"\",\"potentialAction\":[{\"@type\":\"SearchAction\",\"target\":{\"@type\":\"EntryPoint\",\"urlTemplate\":\"https:\/\/www.norman-k.com\/?s={search_term_string}\"},\"query-input\":{\"@type\":\"PropertyValueSpecification\",\"valueRequired\":true,\"valueName\":\"search_term_string\"}}],\"inLanguage\":\"fr-FR\"}]}<\/script>\n<!-- \/ Yoast SEO plugin. -->","yoast_head_json":{"title":"Le financement &#8212; Norman K","description":"Norman K. propose un service de recherche en financement pour toute sa client\u00e8le, priv\u00e9e ou professionnelle, du conseil en structuration au closing, en passant par la recherche de partenaire bancaire, faisant b\u00e9n\u00e9ficier sa client\u00e8le de son exp\u00e9rience et de ses r\u00e9seaux.","robots":{"index":"index","follow":"follow","max-snippet":"max-snippet:-1","max-image-preview":"max-image-preview:large","max-video-preview":"max-video-preview:-1"},"canonical":"https:\/\/www.norman-k.com\/fr\/le-financement\/","og_locale":"fr_FR","og_type":"article","og_title":"Le financement &#8212; Norman K","og_description":"Norman K. propose un service de recherche en financement pour toute sa client\u00e8le, priv\u00e9e ou professionnelle, du conseil en structuration au closing, en passant par la recherche de partenaire bancaire, faisant b\u00e9n\u00e9ficier sa client\u00e8le de son exp\u00e9rience et de ses r\u00e9seaux.","og_url":"https:\/\/www.norman-k.com\/fr\/le-financement\/","og_site_name":"Norman K","article_modified_time":"2022-02-11T15:55:42+00:00","og_image":[{"width":1024,"height":683,"url":"https:\/\/www.norman-k.com\/wp-content\/uploads\/2021\/11\/iStock-1253306868-1024x683.jpg","type":"image\/jpeg"}],"twitter_card":"summary_large_image","schema":{"@context":"https:\/\/schema.org","@graph":[{"@type":"WebPage","@id":"https:\/\/www.norman-k.com\/fr\/le-financement\/","url":"https:\/\/www.norman-k.com\/fr\/le-financement\/","name":"Le financement &#8212; Norman K","isPartOf":{"@id":"https:\/\/www.norman-k.com\/#website"},"primaryImageOfPage":{"@id":"https:\/\/www.norman-k.com\/fr\/le-financement\/#primaryimage"},"image":{"@id":"https:\/\/www.norman-k.com\/fr\/le-financement\/#primaryimage"},"thumbnailUrl":"https:\/\/www.norman-k.com\/wp-content\/uploads\/2021\/11\/iStock-1253306868.jpg","datePublished":"2021-10-13T14:05:43+00:00","dateModified":"2022-02-11T15:55:42+00:00","description":"Norman K. propose un service de recherche en financement pour toute sa client\u00e8le, priv\u00e9e ou professionnelle, du conseil en structuration au closing, en passant par la recherche de partenaire bancaire, faisant b\u00e9n\u00e9ficier sa client\u00e8le de son exp\u00e9rience et de ses r\u00e9seaux.","breadcrumb":{"@id":"https:\/\/www.norman-k.com\/fr\/le-financement\/#breadcrumb"},"inLanguage":"fr-FR","potentialAction":[{"@type":"ReadAction","target":["https:\/\/www.norman-k.com\/fr\/le-financement\/"]}]},{"@type":"ImageObject","inLanguage":"fr-FR","@id":"https:\/\/www.norman-k.com\/fr\/le-financement\/#primaryimage","url":"https:\/\/www.norman-k.com\/wp-content\/uploads\/2021\/11\/iStock-1253306868.jpg","contentUrl":"https:\/\/www.norman-k.com\/wp-content\/uploads\/2021\/11\/iStock-1253306868.jpg","width":2121,"height":1414,"caption":"Milan, Italy, 06.29.2020: Vertical Forest (Bosco Verticale) Innovative Green House Skyscraper representing commitment to sustainable economy designed by Boeri Studio"},{"@type":"BreadcrumbList","@id":"https:\/\/www.norman-k.com\/fr\/le-financement\/#breadcrumb","itemListElement":[{"@type":"ListItem","position":1,"name":"Accueil","item":"https:\/\/www.norman-k.com\/fr\/"},{"@type":"ListItem","position":2,"name":"Le financement"}]},{"@type":"WebSite","@id":"https:\/\/www.norman-k.com\/#website","url":"https:\/\/www.norman-k.com\/","name":"Norman K","description":"","potentialAction":[{"@type":"SearchAction","target":{"@type":"EntryPoint","urlTemplate":"https:\/\/www.norman-k.com\/?s={search_term_string}"},"query-input":{"@type":"PropertyValueSpecification","valueRequired":true,"valueName":"search_term_string"}}],"inLanguage":"fr-FR"}]}},"_links":{"self":[{"href":"https:\/\/www.norman-k.com\/fr\/wp-json\/wp\/v2\/pages\/584","targetHints":{"allow":["GET"]}}],"collection":[{"href":"https:\/\/www.norman-k.com\/fr\/wp-json\/wp\/v2\/pages"}],"about":[{"href":"https:\/\/www.norman-k.com\/fr\/wp-json\/wp\/v2\/types\/page"}],"author":[{"embeddable":true,"href":"https:\/\/www.norman-k.com\/fr\/wp-json\/wp\/v2\/users\/1"}],"replies":[{"embeddable":true,"href":"https:\/\/www.norman-k.com\/fr\/wp-json\/wp\/v2\/comments?post=584"}],"version-history":[{"count":10,"href":"https:\/\/www.norman-k.com\/fr\/wp-json\/wp\/v2\/pages\/584\/revisions"}],"predecessor-version":[{"id":1518,"href":"https:\/\/www.norman-k.com\/fr\/wp-json\/wp\/v2\/pages\/584\/revisions\/1518"}],"wp:featuredmedia":[{"embeddable":true,"href":"https:\/\/www.norman-k.com\/fr\/wp-json\/wp\/v2\/media\/806"}],"wp:attachment":[{"href":"https:\/\/www.norman-k.com\/fr\/wp-json\/wp\/v2\/media?parent=584"}],"curies":[{"name":"wp","href":"https:\/\/api.w.org\/{rel}","templated":true}]}}