{"id":579,"date":"2021-10-13T16:02:45","date_gmt":"2021-10-13T14:02:45","guid":{"rendered":"https:\/\/normank.staging7.colorz.fr\/?page_id=579"},"modified":"2022-02-11T17:03:00","modified_gmt":"2022-02-11T16:03:00","slug":"conseil-investissement","status":"publish","type":"page","link":"https:\/\/www.norman-k.com\/fr\/investissement\/conseil-investissement\/","title":{"rendered":"Conseils en investissement"},"content":{"rendered":"","protected":false},"excerpt":{"rendered":"","protected":false},"author":1,"featured_media":773,"parent":194,"menu_order":20,"comment_status":"closed","ping_status":"closed","template":"","meta":{"_acf_changed":false,"footnotes":""},"class_list":["post-579","page","type-page","status-publish","has-post-thumbnail","hentry"],"acf":[],"yoast_head":"<!-- This site is optimized with the Yoast SEO plugin v27.1.1 - https:\/\/yoast.com\/product\/yoast-seo-wordpress\/ -->\n<title>Conseils en investissement &#8212; Norman K<\/title>\n<meta name=\"description\" content=\"Nous conseillons nos clients \u00e0 investir en direct sur la partie action et obligation, ce qui permet d\u2019obtenir une visibilit\u00e9 totale pour le client quant aux supports d\u2019investissement et aux r\u00e9ductions des co\u00fbts de gestion pour des strat\u00e9gies facilement r\u00e9plicables.\" \/>\n<meta name=\"robots\" content=\"index, follow, max-snippet:-1, max-image-preview:large, max-video-preview:-1\" \/>\n<link rel=\"canonical\" href=\"https:\/\/www.norman-k.com\/fr\/investissement\/conseil-investissement\/\" \/>\n<meta property=\"og:locale\" content=\"fr_FR\" \/>\n<meta property=\"og:type\" content=\"article\" \/>\n<meta property=\"og:title\" content=\"Conseils en investissement &#8212; Norman K\" \/>\n<meta property=\"og:description\" content=\"Nous conseillons nos clients \u00e0 investir en direct sur la partie action et obligation, ce qui permet d\u2019obtenir une visibilit\u00e9 totale pour le client quant aux supports d\u2019investissement et aux r\u00e9ductions des co\u00fbts de gestion pour des strat\u00e9gies facilement r\u00e9plicables.\" \/>\n<meta property=\"og:url\" content=\"https:\/\/www.norman-k.com\/fr\/investissement\/conseil-investissement\/\" \/>\n<meta property=\"og:site_name\" content=\"Norman K\" \/>\n<meta property=\"article:modified_time\" content=\"2022-02-11T16:03:00+00:00\" \/>\n<meta property=\"og:image\" content=\"https:\/\/www.norman-k.com\/wp-content\/uploads\/2021\/11\/iStock-1053312200-1024x767.jpg\" \/>\n\t<meta property=\"og:image:width\" content=\"1024\" \/>\n\t<meta property=\"og:image:height\" content=\"767\" \/>\n\t<meta property=\"og:image:type\" content=\"image\/jpeg\" \/>\n<meta name=\"twitter:card\" content=\"summary_large_image\" \/>\n<script type=\"application\/ld+json\" class=\"yoast-schema-graph\">{\"@context\":\"https:\/\/schema.org\",\"@graph\":[{\"@type\":\"WebPage\",\"@id\":\"https:\/\/www.norman-k.com\/fr\/investissement\/conseil-investissement\/\",\"url\":\"https:\/\/www.norman-k.com\/fr\/investissement\/conseil-investissement\/\",\"name\":\"Conseils en investissement &#8212; Norman K\",\"isPartOf\":{\"@id\":\"https:\/\/www.norman-k.com\/#website\"},\"primaryImageOfPage\":{\"@id\":\"https:\/\/www.norman-k.com\/fr\/investissement\/conseil-investissement\/#primaryimage\"},\"image\":{\"@id\":\"https:\/\/www.norman-k.com\/fr\/investissement\/conseil-investissement\/#primaryimage\"},\"thumbnailUrl\":\"https:\/\/www.norman-k.com\/wp-content\/uploads\/2021\/11\/iStock-1053312200.jpg\",\"datePublished\":\"2021-10-13T14:02:45+00:00\",\"dateModified\":\"2022-02-11T16:03:00+00:00\",\"description\":\"Nous conseillons nos clients \u00e0 investir en direct sur la partie action et obligation, ce qui permet d\u2019obtenir une visibilit\u00e9 totale pour le client quant aux supports d\u2019investissement et aux r\u00e9ductions des co\u00fbts de gestion pour des strat\u00e9gies facilement r\u00e9plicables.\",\"breadcrumb\":{\"@id\":\"https:\/\/www.norman-k.com\/fr\/investissement\/conseil-investissement\/#breadcrumb\"},\"inLanguage\":\"fr-FR\",\"potentialAction\":[{\"@type\":\"ReadAction\",\"target\":[\"https:\/\/www.norman-k.com\/fr\/investissement\/conseil-investissement\/\"]}]},{\"@type\":\"ImageObject\",\"inLanguage\":\"fr-FR\",\"@id\":\"https:\/\/www.norman-k.com\/fr\/investissement\/conseil-investissement\/#primaryimage\",\"url\":\"https:\/\/www.norman-k.com\/wp-content\/uploads\/2021\/11\/iStock-1053312200.jpg\",\"contentUrl\":\"https:\/\/www.norman-k.com\/wp-content\/uploads\/2021\/11\/iStock-1053312200.jpg\",\"width\":2000,\"height\":1499,\"caption\":\"The wind field of the mountain ridge. High angle aerial photography.\"},{\"@type\":\"BreadcrumbList\",\"@id\":\"https:\/\/www.norman-k.com\/fr\/investissement\/conseil-investissement\/#breadcrumb\",\"itemListElement\":[{\"@type\":\"ListItem\",\"position\":1,\"name\":\"Accueil\",\"item\":\"https:\/\/www.norman-k.com\/fr\/\"},{\"@type\":\"ListItem\",\"position\":2,\"name\":\"L&rsquo;investissement\",\"item\":\"https:\/\/www.norman-k.com\/fr\/investissement\/\"},{\"@type\":\"ListItem\",\"position\":3,\"name\":\"Conseils en investissement\"}]},{\"@type\":\"WebSite\",\"@id\":\"https:\/\/www.norman-k.com\/#website\",\"url\":\"https:\/\/www.norman-k.com\/\",\"name\":\"Norman K\",\"description\":\"\",\"potentialAction\":[{\"@type\":\"SearchAction\",\"target\":{\"@type\":\"EntryPoint\",\"urlTemplate\":\"https:\/\/www.norman-k.com\/?s={search_term_string}\"},\"query-input\":{\"@type\":\"PropertyValueSpecification\",\"valueRequired\":true,\"valueName\":\"search_term_string\"}}],\"inLanguage\":\"fr-FR\"}]}<\/script>\n<!-- \/ Yoast SEO plugin. -->","yoast_head_json":{"title":"Conseils en investissement &#8212; Norman K","description":"Nous conseillons nos clients \u00e0 investir en direct sur la partie action et obligation, ce qui permet d\u2019obtenir une visibilit\u00e9 totale pour le client quant aux supports d\u2019investissement et aux r\u00e9ductions des co\u00fbts de gestion pour des strat\u00e9gies facilement r\u00e9plicables.","robots":{"index":"index","follow":"follow","max-snippet":"max-snippet:-1","max-image-preview":"max-image-preview:large","max-video-preview":"max-video-preview:-1"},"canonical":"https:\/\/www.norman-k.com\/fr\/investissement\/conseil-investissement\/","og_locale":"fr_FR","og_type":"article","og_title":"Conseils en investissement &#8212; Norman K","og_description":"Nous conseillons nos clients \u00e0 investir en direct sur la partie action et obligation, ce qui permet d\u2019obtenir une visibilit\u00e9 totale pour le client quant aux supports d\u2019investissement et aux r\u00e9ductions des co\u00fbts de gestion pour des strat\u00e9gies facilement r\u00e9plicables.","og_url":"https:\/\/www.norman-k.com\/fr\/investissement\/conseil-investissement\/","og_site_name":"Norman K","article_modified_time":"2022-02-11T16:03:00+00:00","og_image":[{"width":1024,"height":767,"url":"https:\/\/www.norman-k.com\/wp-content\/uploads\/2021\/11\/iStock-1053312200-1024x767.jpg","type":"image\/jpeg"}],"twitter_card":"summary_large_image","schema":{"@context":"https:\/\/schema.org","@graph":[{"@type":"WebPage","@id":"https:\/\/www.norman-k.com\/fr\/investissement\/conseil-investissement\/","url":"https:\/\/www.norman-k.com\/fr\/investissement\/conseil-investissement\/","name":"Conseils en investissement &#8212; Norman K","isPartOf":{"@id":"https:\/\/www.norman-k.com\/#website"},"primaryImageOfPage":{"@id":"https:\/\/www.norman-k.com\/fr\/investissement\/conseil-investissement\/#primaryimage"},"image":{"@id":"https:\/\/www.norman-k.com\/fr\/investissement\/conseil-investissement\/#primaryimage"},"thumbnailUrl":"https:\/\/www.norman-k.com\/wp-content\/uploads\/2021\/11\/iStock-1053312200.jpg","datePublished":"2021-10-13T14:02:45+00:00","dateModified":"2022-02-11T16:03:00+00:00","description":"Nous conseillons nos clients \u00e0 investir en direct sur la partie action et obligation, ce qui permet d\u2019obtenir une visibilit\u00e9 totale pour le client quant aux supports d\u2019investissement et aux r\u00e9ductions des co\u00fbts de gestion pour des strat\u00e9gies facilement r\u00e9plicables.","breadcrumb":{"@id":"https:\/\/www.norman-k.com\/fr\/investissement\/conseil-investissement\/#breadcrumb"},"inLanguage":"fr-FR","potentialAction":[{"@type":"ReadAction","target":["https:\/\/www.norman-k.com\/fr\/investissement\/conseil-investissement\/"]}]},{"@type":"ImageObject","inLanguage":"fr-FR","@id":"https:\/\/www.norman-k.com\/fr\/investissement\/conseil-investissement\/#primaryimage","url":"https:\/\/www.norman-k.com\/wp-content\/uploads\/2021\/11\/iStock-1053312200.jpg","contentUrl":"https:\/\/www.norman-k.com\/wp-content\/uploads\/2021\/11\/iStock-1053312200.jpg","width":2000,"height":1499,"caption":"The wind field of the mountain ridge. High angle aerial photography."},{"@type":"BreadcrumbList","@id":"https:\/\/www.norman-k.com\/fr\/investissement\/conseil-investissement\/#breadcrumb","itemListElement":[{"@type":"ListItem","position":1,"name":"Accueil","item":"https:\/\/www.norman-k.com\/fr\/"},{"@type":"ListItem","position":2,"name":"L&rsquo;investissement","item":"https:\/\/www.norman-k.com\/fr\/investissement\/"},{"@type":"ListItem","position":3,"name":"Conseils en investissement"}]},{"@type":"WebSite","@id":"https:\/\/www.norman-k.com\/#website","url":"https:\/\/www.norman-k.com\/","name":"Norman K","description":"","potentialAction":[{"@type":"SearchAction","target":{"@type":"EntryPoint","urlTemplate":"https:\/\/www.norman-k.com\/?s={search_term_string}"},"query-input":{"@type":"PropertyValueSpecification","valueRequired":true,"valueName":"search_term_string"}}],"inLanguage":"fr-FR"}]}},"_links":{"self":[{"href":"https:\/\/www.norman-k.com\/fr\/wp-json\/wp\/v2\/pages\/579","targetHints":{"allow":["GET"]}}],"collection":[{"href":"https:\/\/www.norman-k.com\/fr\/wp-json\/wp\/v2\/pages"}],"about":[{"href":"https:\/\/www.norman-k.com\/fr\/wp-json\/wp\/v2\/types\/page"}],"author":[{"embeddable":true,"href":"https:\/\/www.norman-k.com\/fr\/wp-json\/wp\/v2\/users\/1"}],"replies":[{"embeddable":true,"href":"https:\/\/www.norman-k.com\/fr\/wp-json\/wp\/v2\/comments?post=579"}],"version-history":[{"count":12,"href":"https:\/\/www.norman-k.com\/fr\/wp-json\/wp\/v2\/pages\/579\/revisions"}],"predecessor-version":[{"id":1522,"href":"https:\/\/www.norman-k.com\/fr\/wp-json\/wp\/v2\/pages\/579\/revisions\/1522"}],"up":[{"embeddable":true,"href":"https:\/\/www.norman-k.com\/fr\/wp-json\/wp\/v2\/pages\/194"}],"wp:featuredmedia":[{"embeddable":true,"href":"https:\/\/www.norman-k.com\/fr\/wp-json\/wp\/v2\/media\/773"}],"wp:attachment":[{"href":"https:\/\/www.norman-k.com\/fr\/wp-json\/wp\/v2\/media?parent=579"}],"curies":[{"name":"wp","href":"https:\/\/api.w.org\/{rel}","templated":true}]}}