{"id":568,"date":"2021-10-13T15:48:12","date_gmt":"2021-10-13T13:48:12","guid":{"rendered":"https:\/\/normank.staging7.colorz.fr\/?page_id=568"},"modified":"2023-02-21T17:29:14","modified_gmt":"2023-02-21T16:29:14","slug":"private-equity","status":"publish","type":"page","link":"https:\/\/www.norman-k.com\/fr\/investissement\/private-equity\/","title":{"rendered":"Private Equity"},"content":{"rendered":"","protected":false},"excerpt":{"rendered":"","protected":false},"author":1,"featured_media":384,"parent":194,"menu_order":22,"comment_status":"closed","ping_status":"closed","template":"","meta":{"_acf_changed":false,"footnotes":""},"class_list":["post-568","page","type-page","status-publish","has-post-thumbnail","hentry"],"acf":[],"yoast_head":"<!-- This site is optimized with the Yoast SEO plugin v27.1.1 - https:\/\/yoast.com\/product\/yoast-seo-wordpress\/ -->\n<title>Private Equity &#8212; Norman K<\/title>\n<meta name=\"description\" content=\"Gr\u00e2ce \u00e0 un r\u00e9seau d\u2019associ\u00e9s fort de plus de 15 ann\u00e9es d\u2019exp\u00e9rience dans le secteur de la finance, nous avons su tisser un large \u00e9ventail de contacts dans le monde de l\u2019entrepreneuriat.\" \/>\n<meta name=\"robots\" content=\"index, follow, max-snippet:-1, max-image-preview:large, max-video-preview:-1\" \/>\n<link rel=\"canonical\" href=\"https:\/\/www.norman-k.com\/fr\/investissement\/private-equity\/\" \/>\n<meta property=\"og:locale\" content=\"fr_FR\" \/>\n<meta property=\"og:type\" content=\"article\" \/>\n<meta property=\"og:title\" content=\"Private Equity &#8212; Norman K\" \/>\n<meta property=\"og:description\" content=\"Gr\u00e2ce \u00e0 un r\u00e9seau d\u2019associ\u00e9s fort de plus de 15 ann\u00e9es d\u2019exp\u00e9rience dans le secteur de la finance, nous avons su tisser un large \u00e9ventail de contacts dans le monde de l\u2019entrepreneuriat.\" \/>\n<meta property=\"og:url\" content=\"https:\/\/www.norman-k.com\/fr\/investissement\/private-equity\/\" \/>\n<meta property=\"og:site_name\" content=\"Norman K\" \/>\n<meta property=\"article:modified_time\" content=\"2023-02-21T16:29:14+00:00\" \/>\n<meta property=\"og:image\" content=\"https:\/\/www.norman-k.com\/wp-content\/uploads\/2021\/07\/pexels-jimmy-chan-1055297-scaled.jpg\" \/>\n\t<meta property=\"og:image:width\" content=\"2560\" \/>\n\t<meta property=\"og:image:height\" content=\"1707\" \/>\n\t<meta property=\"og:image:type\" content=\"image\/jpeg\" \/>\n<meta name=\"twitter:card\" content=\"summary_large_image\" \/>\n<script type=\"application\/ld+json\" class=\"yoast-schema-graph\">{\"@context\":\"https:\/\/schema.org\",\"@graph\":[{\"@type\":\"WebPage\",\"@id\":\"https:\/\/www.norman-k.com\/fr\/investissement\/private-equity\/\",\"url\":\"https:\/\/www.norman-k.com\/fr\/investissement\/private-equity\/\",\"name\":\"Private Equity &#8212; Norman K\",\"isPartOf\":{\"@id\":\"https:\/\/www.norman-k.com\/#website\"},\"primaryImageOfPage\":{\"@id\":\"https:\/\/www.norman-k.com\/fr\/investissement\/private-equity\/#primaryimage\"},\"image\":{\"@id\":\"https:\/\/www.norman-k.com\/fr\/investissement\/private-equity\/#primaryimage\"},\"thumbnailUrl\":\"https:\/\/www.norman-k.com\/wp-content\/uploads\/2021\/07\/pexels-jimmy-chan-1055297-scaled.jpg\",\"datePublished\":\"2021-10-13T13:48:12+00:00\",\"dateModified\":\"2023-02-21T16:29:14+00:00\",\"description\":\"Gr\u00e2ce \u00e0 un r\u00e9seau d\u2019associ\u00e9s fort de plus de 15 ann\u00e9es d\u2019exp\u00e9rience dans le secteur de la finance, nous avons su tisser un large \u00e9ventail de contacts dans le monde de l\u2019entrepreneuriat.\",\"breadcrumb\":{\"@id\":\"https:\/\/www.norman-k.com\/fr\/investissement\/private-equity\/#breadcrumb\"},\"inLanguage\":\"fr-FR\",\"potentialAction\":[{\"@type\":\"ReadAction\",\"target\":[\"https:\/\/www.norman-k.com\/fr\/investissement\/private-equity\/\"]}]},{\"@type\":\"ImageObject\",\"inLanguage\":\"fr-FR\",\"@id\":\"https:\/\/www.norman-k.com\/fr\/investissement\/private-equity\/#primaryimage\",\"url\":\"https:\/\/www.norman-k.com\/wp-content\/uploads\/2021\/07\/pexels-jimmy-chan-1055297-scaled.jpg\",\"contentUrl\":\"https:\/\/www.norman-k.com\/wp-content\/uploads\/2021\/07\/pexels-jimmy-chan-1055297-scaled.jpg\",\"width\":2560,\"height\":1707},{\"@type\":\"BreadcrumbList\",\"@id\":\"https:\/\/www.norman-k.com\/fr\/investissement\/private-equity\/#breadcrumb\",\"itemListElement\":[{\"@type\":\"ListItem\",\"position\":1,\"name\":\"Accueil\",\"item\":\"https:\/\/www.norman-k.com\/fr\/\"},{\"@type\":\"ListItem\",\"position\":2,\"name\":\"L&rsquo;investissement\",\"item\":\"https:\/\/www.norman-k.com\/fr\/investissement\/\"},{\"@type\":\"ListItem\",\"position\":3,\"name\":\"Private Equity\"}]},{\"@type\":\"WebSite\",\"@id\":\"https:\/\/www.norman-k.com\/#website\",\"url\":\"https:\/\/www.norman-k.com\/\",\"name\":\"Norman K\",\"description\":\"\",\"potentialAction\":[{\"@type\":\"SearchAction\",\"target\":{\"@type\":\"EntryPoint\",\"urlTemplate\":\"https:\/\/www.norman-k.com\/?s={search_term_string}\"},\"query-input\":{\"@type\":\"PropertyValueSpecification\",\"valueRequired\":true,\"valueName\":\"search_term_string\"}}],\"inLanguage\":\"fr-FR\"}]}<\/script>\n<!-- \/ Yoast SEO plugin. -->","yoast_head_json":{"title":"Private Equity &#8212; Norman K","description":"Gr\u00e2ce \u00e0 un r\u00e9seau d\u2019associ\u00e9s fort de plus de 15 ann\u00e9es d\u2019exp\u00e9rience dans le secteur de la finance, nous avons su tisser un large \u00e9ventail de contacts dans le monde de l\u2019entrepreneuriat.","robots":{"index":"index","follow":"follow","max-snippet":"max-snippet:-1","max-image-preview":"max-image-preview:large","max-video-preview":"max-video-preview:-1"},"canonical":"https:\/\/www.norman-k.com\/fr\/investissement\/private-equity\/","og_locale":"fr_FR","og_type":"article","og_title":"Private Equity &#8212; Norman K","og_description":"Gr\u00e2ce \u00e0 un r\u00e9seau d\u2019associ\u00e9s fort de plus de 15 ann\u00e9es d\u2019exp\u00e9rience dans le secteur de la finance, nous avons su tisser un large \u00e9ventail de contacts dans le monde de l\u2019entrepreneuriat.","og_url":"https:\/\/www.norman-k.com\/fr\/investissement\/private-equity\/","og_site_name":"Norman K","article_modified_time":"2023-02-21T16:29:14+00:00","og_image":[{"width":2560,"height":1707,"url":"https:\/\/www.norman-k.com\/wp-content\/uploads\/2021\/07\/pexels-jimmy-chan-1055297-scaled.jpg","type":"image\/jpeg"}],"twitter_card":"summary_large_image","schema":{"@context":"https:\/\/schema.org","@graph":[{"@type":"WebPage","@id":"https:\/\/www.norman-k.com\/fr\/investissement\/private-equity\/","url":"https:\/\/www.norman-k.com\/fr\/investissement\/private-equity\/","name":"Private Equity &#8212; Norman K","isPartOf":{"@id":"https:\/\/www.norman-k.com\/#website"},"primaryImageOfPage":{"@id":"https:\/\/www.norman-k.com\/fr\/investissement\/private-equity\/#primaryimage"},"image":{"@id":"https:\/\/www.norman-k.com\/fr\/investissement\/private-equity\/#primaryimage"},"thumbnailUrl":"https:\/\/www.norman-k.com\/wp-content\/uploads\/2021\/07\/pexels-jimmy-chan-1055297-scaled.jpg","datePublished":"2021-10-13T13:48:12+00:00","dateModified":"2023-02-21T16:29:14+00:00","description":"Gr\u00e2ce \u00e0 un r\u00e9seau d\u2019associ\u00e9s fort de plus de 15 ann\u00e9es d\u2019exp\u00e9rience dans le secteur de la finance, nous avons su tisser un large \u00e9ventail de contacts dans le monde de l\u2019entrepreneuriat.","breadcrumb":{"@id":"https:\/\/www.norman-k.com\/fr\/investissement\/private-equity\/#breadcrumb"},"inLanguage":"fr-FR","potentialAction":[{"@type":"ReadAction","target":["https:\/\/www.norman-k.com\/fr\/investissement\/private-equity\/"]}]},{"@type":"ImageObject","inLanguage":"fr-FR","@id":"https:\/\/www.norman-k.com\/fr\/investissement\/private-equity\/#primaryimage","url":"https:\/\/www.norman-k.com\/wp-content\/uploads\/2021\/07\/pexels-jimmy-chan-1055297-scaled.jpg","contentUrl":"https:\/\/www.norman-k.com\/wp-content\/uploads\/2021\/07\/pexels-jimmy-chan-1055297-scaled.jpg","width":2560,"height":1707},{"@type":"BreadcrumbList","@id":"https:\/\/www.norman-k.com\/fr\/investissement\/private-equity\/#breadcrumb","itemListElement":[{"@type":"ListItem","position":1,"name":"Accueil","item":"https:\/\/www.norman-k.com\/fr\/"},{"@type":"ListItem","position":2,"name":"L&rsquo;investissement","item":"https:\/\/www.norman-k.com\/fr\/investissement\/"},{"@type":"ListItem","position":3,"name":"Private Equity"}]},{"@type":"WebSite","@id":"https:\/\/www.norman-k.com\/#website","url":"https:\/\/www.norman-k.com\/","name":"Norman K","description":"","potentialAction":[{"@type":"SearchAction","target":{"@type":"EntryPoint","urlTemplate":"https:\/\/www.norman-k.com\/?s={search_term_string}"},"query-input":{"@type":"PropertyValueSpecification","valueRequired":true,"valueName":"search_term_string"}}],"inLanguage":"fr-FR"}]}},"_links":{"self":[{"href":"https:\/\/www.norman-k.com\/fr\/wp-json\/wp\/v2\/pages\/568","targetHints":{"allow":["GET"]}}],"collection":[{"href":"https:\/\/www.norman-k.com\/fr\/wp-json\/wp\/v2\/pages"}],"about":[{"href":"https:\/\/www.norman-k.com\/fr\/wp-json\/wp\/v2\/types\/page"}],"author":[{"embeddable":true,"href":"https:\/\/www.norman-k.com\/fr\/wp-json\/wp\/v2\/users\/1"}],"replies":[{"embeddable":true,"href":"https:\/\/www.norman-k.com\/fr\/wp-json\/wp\/v2\/comments?post=568"}],"version-history":[{"count":13,"href":"https:\/\/www.norman-k.com\/fr\/wp-json\/wp\/v2\/pages\/568\/revisions"}],"predecessor-version":[{"id":1896,"href":"https:\/\/www.norman-k.com\/fr\/wp-json\/wp\/v2\/pages\/568\/revisions\/1896"}],"up":[{"embeddable":true,"href":"https:\/\/www.norman-k.com\/fr\/wp-json\/wp\/v2\/pages\/194"}],"wp:featuredmedia":[{"embeddable":true,"href":"https:\/\/www.norman-k.com\/fr\/wp-json\/wp\/v2\/media\/384"}],"wp:attachment":[{"href":"https:\/\/www.norman-k.com\/fr\/wp-json\/wp\/v2\/media?parent=568"}],"curies":[{"name":"wp","href":"https:\/\/api.w.org\/{rel}","templated":true}]}}