{"id":36,"date":"2021-06-17T18:49:06","date_gmt":"2021-06-17T16:49:06","guid":{"rendered":"http:\/\/localhost:8888\/norman-k\/?page_id=36"},"modified":"2022-01-13T10:22:32","modified_gmt":"2022-01-13T09:22:32","slug":"nos-valeurs","status":"publish","type":"page","link":"https:\/\/www.norman-k.com\/fr\/qui-sommes-nous\/nos-valeurs\/","title":{"rendered":"Nos valeurs"},"content":{"rendered":"","protected":false},"excerpt":{"rendered":"","protected":false},"author":1,"featured_media":368,"parent":530,"menu_order":28,"comment_status":"closed","ping_status":"closed","template":"","meta":{"_acf_changed":false,"footnotes":""},"class_list":["post-36","page","type-page","status-publish","has-post-thumbnail","hentry"],"acf":[],"yoast_head":"<!-- This site is optimized with the Yoast SEO plugin v27.1.1 - https:\/\/yoast.com\/product\/yoast-seo-wordpress\/ -->\n<title>Nos valeurs &#8212; Norman K<\/title>\n<meta name=\"description\" content=\"Chez Norman K., l\u2019esprit entrepreneurial est au c\u0153ur de notre philosophie. Nos clients sont de r\u00e9els partenaires \u00e0 qui nous proposons une solution globale, digitale et durable.\" \/>\n<meta name=\"robots\" content=\"index, follow, max-snippet:-1, max-image-preview:large, max-video-preview:-1\" \/>\n<link rel=\"canonical\" href=\"https:\/\/www.norman-k.com\/fr\/qui-sommes-nous\/nos-valeurs\/\" \/>\n<meta property=\"og:locale\" content=\"fr_FR\" \/>\n<meta property=\"og:type\" content=\"article\" \/>\n<meta property=\"og:title\" content=\"Nos valeurs &#8212; Norman K\" \/>\n<meta property=\"og:description\" content=\"Chez Norman K., l\u2019esprit entrepreneurial est au c\u0153ur de notre philosophie. Nos clients sont de r\u00e9els partenaires \u00e0 qui nous proposons une solution globale, digitale et durable.\" \/>\n<meta property=\"og:url\" content=\"https:\/\/www.norman-k.com\/fr\/qui-sommes-nous\/nos-valeurs\/\" \/>\n<meta property=\"og:site_name\" content=\"Norman K\" \/>\n<meta property=\"article:modified_time\" content=\"2022-01-13T09:22:32+00:00\" \/>\n<meta property=\"og:image\" content=\"https:\/\/www.norman-k.com\/wp-content\/uploads\/2021\/07\/pexels-burst-374023-scaled.jpg\" \/>\n\t<meta property=\"og:image:width\" content=\"2560\" \/>\n\t<meta property=\"og:image:height\" content=\"1707\" \/>\n\t<meta property=\"og:image:type\" content=\"image\/jpeg\" \/>\n<meta name=\"twitter:card\" content=\"summary_large_image\" \/>\n<script type=\"application\/ld+json\" class=\"yoast-schema-graph\">{\"@context\":\"https:\/\/schema.org\",\"@graph\":[{\"@type\":\"WebPage\",\"@id\":\"https:\/\/www.norman-k.com\/fr\/qui-sommes-nous\/nos-valeurs\/\",\"url\":\"https:\/\/www.norman-k.com\/fr\/qui-sommes-nous\/nos-valeurs\/\",\"name\":\"Nos valeurs &#8212; Norman K\",\"isPartOf\":{\"@id\":\"https:\/\/www.norman-k.com\/#website\"},\"primaryImageOfPage\":{\"@id\":\"https:\/\/www.norman-k.com\/fr\/qui-sommes-nous\/nos-valeurs\/#primaryimage\"},\"image\":{\"@id\":\"https:\/\/www.norman-k.com\/fr\/qui-sommes-nous\/nos-valeurs\/#primaryimage\"},\"thumbnailUrl\":\"https:\/\/www.norman-k.com\/wp-content\/uploads\/2021\/07\/pexels-burst-374023-scaled.jpg\",\"datePublished\":\"2021-06-17T16:49:06+00:00\",\"dateModified\":\"2022-01-13T09:22:32+00:00\",\"description\":\"Chez Norman K., l\u2019esprit entrepreneurial est au c\u0153ur de notre philosophie. Nos clients sont de r\u00e9els partenaires \u00e0 qui nous proposons une solution globale, digitale et durable.\",\"breadcrumb\":{\"@id\":\"https:\/\/www.norman-k.com\/fr\/qui-sommes-nous\/nos-valeurs\/#breadcrumb\"},\"inLanguage\":\"fr-FR\",\"potentialAction\":[{\"@type\":\"ReadAction\",\"target\":[\"https:\/\/www.norman-k.com\/fr\/qui-sommes-nous\/nos-valeurs\/\"]}]},{\"@type\":\"ImageObject\",\"inLanguage\":\"fr-FR\",\"@id\":\"https:\/\/www.norman-k.com\/fr\/qui-sommes-nous\/nos-valeurs\/#primaryimage\",\"url\":\"https:\/\/www.norman-k.com\/wp-content\/uploads\/2021\/07\/pexels-burst-374023-scaled.jpg\",\"contentUrl\":\"https:\/\/www.norman-k.com\/wp-content\/uploads\/2021\/07\/pexels-burst-374023-scaled.jpg\",\"width\":2560,\"height\":1707},{\"@type\":\"BreadcrumbList\",\"@id\":\"https:\/\/www.norman-k.com\/fr\/qui-sommes-nous\/nos-valeurs\/#breadcrumb\",\"itemListElement\":[{\"@type\":\"ListItem\",\"position\":1,\"name\":\"Accueil\",\"item\":\"https:\/\/www.norman-k.com\/fr\/\"},{\"@type\":\"ListItem\",\"position\":2,\"name\":\"Qui sommes-nous ?\",\"item\":\"https:\/\/www.norman-k.com\/fr\/qui-sommes-nous\/\"},{\"@type\":\"ListItem\",\"position\":3,\"name\":\"Nos valeurs\"}]},{\"@type\":\"WebSite\",\"@id\":\"https:\/\/www.norman-k.com\/#website\",\"url\":\"https:\/\/www.norman-k.com\/\",\"name\":\"Norman K\",\"description\":\"\",\"potentialAction\":[{\"@type\":\"SearchAction\",\"target\":{\"@type\":\"EntryPoint\",\"urlTemplate\":\"https:\/\/www.norman-k.com\/?s={search_term_string}\"},\"query-input\":{\"@type\":\"PropertyValueSpecification\",\"valueRequired\":true,\"valueName\":\"search_term_string\"}}],\"inLanguage\":\"fr-FR\"}]}<\/script>\n<!-- \/ Yoast SEO plugin. -->","yoast_head_json":{"title":"Nos valeurs &#8212; Norman K","description":"Chez Norman K., l\u2019esprit entrepreneurial est au c\u0153ur de notre philosophie. Nos clients sont de r\u00e9els partenaires \u00e0 qui nous proposons une solution globale, digitale et durable.","robots":{"index":"index","follow":"follow","max-snippet":"max-snippet:-1","max-image-preview":"max-image-preview:large","max-video-preview":"max-video-preview:-1"},"canonical":"https:\/\/www.norman-k.com\/fr\/qui-sommes-nous\/nos-valeurs\/","og_locale":"fr_FR","og_type":"article","og_title":"Nos valeurs &#8212; Norman K","og_description":"Chez Norman K., l\u2019esprit entrepreneurial est au c\u0153ur de notre philosophie. Nos clients sont de r\u00e9els partenaires \u00e0 qui nous proposons une solution globale, digitale et durable.","og_url":"https:\/\/www.norman-k.com\/fr\/qui-sommes-nous\/nos-valeurs\/","og_site_name":"Norman K","article_modified_time":"2022-01-13T09:22:32+00:00","og_image":[{"width":2560,"height":1707,"url":"https:\/\/www.norman-k.com\/wp-content\/uploads\/2021\/07\/pexels-burst-374023-scaled.jpg","type":"image\/jpeg"}],"twitter_card":"summary_large_image","schema":{"@context":"https:\/\/schema.org","@graph":[{"@type":"WebPage","@id":"https:\/\/www.norman-k.com\/fr\/qui-sommes-nous\/nos-valeurs\/","url":"https:\/\/www.norman-k.com\/fr\/qui-sommes-nous\/nos-valeurs\/","name":"Nos valeurs &#8212; Norman K","isPartOf":{"@id":"https:\/\/www.norman-k.com\/#website"},"primaryImageOfPage":{"@id":"https:\/\/www.norman-k.com\/fr\/qui-sommes-nous\/nos-valeurs\/#primaryimage"},"image":{"@id":"https:\/\/www.norman-k.com\/fr\/qui-sommes-nous\/nos-valeurs\/#primaryimage"},"thumbnailUrl":"https:\/\/www.norman-k.com\/wp-content\/uploads\/2021\/07\/pexels-burst-374023-scaled.jpg","datePublished":"2021-06-17T16:49:06+00:00","dateModified":"2022-01-13T09:22:32+00:00","description":"Chez Norman K., l\u2019esprit entrepreneurial est au c\u0153ur de notre philosophie. Nos clients sont de r\u00e9els partenaires \u00e0 qui nous proposons une solution globale, digitale et durable.","breadcrumb":{"@id":"https:\/\/www.norman-k.com\/fr\/qui-sommes-nous\/nos-valeurs\/#breadcrumb"},"inLanguage":"fr-FR","potentialAction":[{"@type":"ReadAction","target":["https:\/\/www.norman-k.com\/fr\/qui-sommes-nous\/nos-valeurs\/"]}]},{"@type":"ImageObject","inLanguage":"fr-FR","@id":"https:\/\/www.norman-k.com\/fr\/qui-sommes-nous\/nos-valeurs\/#primaryimage","url":"https:\/\/www.norman-k.com\/wp-content\/uploads\/2021\/07\/pexels-burst-374023-scaled.jpg","contentUrl":"https:\/\/www.norman-k.com\/wp-content\/uploads\/2021\/07\/pexels-burst-374023-scaled.jpg","width":2560,"height":1707},{"@type":"BreadcrumbList","@id":"https:\/\/www.norman-k.com\/fr\/qui-sommes-nous\/nos-valeurs\/#breadcrumb","itemListElement":[{"@type":"ListItem","position":1,"name":"Accueil","item":"https:\/\/www.norman-k.com\/fr\/"},{"@type":"ListItem","position":2,"name":"Qui sommes-nous ?","item":"https:\/\/www.norman-k.com\/fr\/qui-sommes-nous\/"},{"@type":"ListItem","position":3,"name":"Nos valeurs"}]},{"@type":"WebSite","@id":"https:\/\/www.norman-k.com\/#website","url":"https:\/\/www.norman-k.com\/","name":"Norman K","description":"","potentialAction":[{"@type":"SearchAction","target":{"@type":"EntryPoint","urlTemplate":"https:\/\/www.norman-k.com\/?s={search_term_string}"},"query-input":{"@type":"PropertyValueSpecification","valueRequired":true,"valueName":"search_term_string"}}],"inLanguage":"fr-FR"}]}},"_links":{"self":[{"href":"https:\/\/www.norman-k.com\/fr\/wp-json\/wp\/v2\/pages\/36","targetHints":{"allow":["GET"]}}],"collection":[{"href":"https:\/\/www.norman-k.com\/fr\/wp-json\/wp\/v2\/pages"}],"about":[{"href":"https:\/\/www.norman-k.com\/fr\/wp-json\/wp\/v2\/types\/page"}],"author":[{"embeddable":true,"href":"https:\/\/www.norman-k.com\/fr\/wp-json\/wp\/v2\/users\/1"}],"replies":[{"embeddable":true,"href":"https:\/\/www.norman-k.com\/fr\/wp-json\/wp\/v2\/comments?post=36"}],"version-history":[{"count":26,"href":"https:\/\/www.norman-k.com\/fr\/wp-json\/wp\/v2\/pages\/36\/revisions"}],"predecessor-version":[{"id":1169,"href":"https:\/\/www.norman-k.com\/fr\/wp-json\/wp\/v2\/pages\/36\/revisions\/1169"}],"up":[{"embeddable":true,"href":"https:\/\/www.norman-k.com\/fr\/wp-json\/wp\/v2\/pages\/530"}],"wp:featuredmedia":[{"embeddable":true,"href":"https:\/\/www.norman-k.com\/fr\/wp-json\/wp\/v2\/media\/368"}],"wp:attachment":[{"href":"https:\/\/www.norman-k.com\/fr\/wp-json\/wp\/v2\/media?parent=36"}],"curies":[{"name":"wp","href":"https:\/\/api.w.org\/{rel}","templated":true}]}}