{"id":245,"date":"2021-07-05T15:53:51","date_gmt":"2021-07-05T13:53:51","guid":{"rendered":"http:\/\/localhost:8888\/norman-k\/?page_id=245"},"modified":"2022-12-14T18:00:14","modified_gmt":"2022-12-14T17:00:14","slug":"carriere","status":"publish","type":"page","link":"https:\/\/www.norman-k.com\/fr\/carriere\/","title":{"rendered":"Carri\u00e8re"},"content":{"rendered":"","protected":false},"excerpt":{"rendered":"","protected":false},"author":1,"featured_media":1735,"parent":0,"menu_order":22,"comment_status":"closed","ping_status":"closed","template":"career.php","meta":{"_acf_changed":false,"footnotes":""},"class_list":["post-245","page","type-page","status-publish","has-post-thumbnail","hentry"],"acf":[],"yoast_head":"<!-- This site is optimized with the Yoast SEO plugin v27.1.1 - https:\/\/yoast.com\/product\/yoast-seo-wordpress\/ -->\n<title>Carri\u00e8re &#8212; Norman K<\/title>\n<meta name=\"description\" content=\"Chez Norman K. nous valorisons nos collaborateurs et souhaitons les int\u00e9grer de mani\u00e8re durable au d\u00e9veloppement de la soci\u00e9t\u00e9.\" \/>\n<meta name=\"robots\" content=\"index, follow, max-snippet:-1, max-image-preview:large, max-video-preview:-1\" \/>\n<link rel=\"canonical\" href=\"https:\/\/www.norman-k.com\/fr\/carriere\/\" \/>\n<meta property=\"og:locale\" content=\"fr_FR\" \/>\n<meta property=\"og:type\" content=\"article\" \/>\n<meta property=\"og:title\" content=\"Carri\u00e8re &#8212; Norman K\" \/>\n<meta property=\"og:description\" content=\"Chez Norman K. nous valorisons nos collaborateurs et souhaitons les int\u00e9grer de mani\u00e8re durable au d\u00e9veloppement de la soci\u00e9t\u00e9.\" \/>\n<meta property=\"og:url\" content=\"https:\/\/www.norman-k.com\/fr\/carriere\/\" \/>\n<meta property=\"og:site_name\" content=\"Norman K\" \/>\n<meta property=\"article:modified_time\" content=\"2022-12-14T17:00:14+00:00\" \/>\n<meta property=\"og:image\" content=\"https:\/\/www.norman-k.com\/wp-content\/uploads\/2022\/12\/NORMAN_K-PRO-23-Copie-scaled.jpg\" \/>\n\t<meta property=\"og:image:width\" content=\"2560\" \/>\n\t<meta property=\"og:image:height\" content=\"864\" \/>\n\t<meta property=\"og:image:type\" content=\"image\/jpeg\" \/>\n<meta name=\"twitter:card\" content=\"summary_large_image\" \/>\n<script type=\"application\/ld+json\" class=\"yoast-schema-graph\">{\"@context\":\"https:\/\/schema.org\",\"@graph\":[{\"@type\":\"WebPage\",\"@id\":\"https:\/\/www.norman-k.com\/fr\/carriere\/\",\"url\":\"https:\/\/www.norman-k.com\/fr\/carriere\/\",\"name\":\"Carri\u00e8re &#8212; Norman K\",\"isPartOf\":{\"@id\":\"https:\/\/www.norman-k.com\/#website\"},\"primaryImageOfPage\":{\"@id\":\"https:\/\/www.norman-k.com\/fr\/carriere\/#primaryimage\"},\"image\":{\"@id\":\"https:\/\/www.norman-k.com\/fr\/carriere\/#primaryimage\"},\"thumbnailUrl\":\"https:\/\/www.norman-k.com\/wp-content\/uploads\/2022\/12\/NORMAN_K-PRO-23-Copie-scaled.jpg\",\"datePublished\":\"2021-07-05T13:53:51+00:00\",\"dateModified\":\"2022-12-14T17:00:14+00:00\",\"description\":\"Chez Norman K. nous valorisons nos collaborateurs et souhaitons les int\u00e9grer de mani\u00e8re durable au d\u00e9veloppement de la soci\u00e9t\u00e9.\",\"breadcrumb\":{\"@id\":\"https:\/\/www.norman-k.com\/fr\/carriere\/#breadcrumb\"},\"inLanguage\":\"fr-FR\",\"potentialAction\":[{\"@type\":\"ReadAction\",\"target\":[\"https:\/\/www.norman-k.com\/fr\/carriere\/\"]}]},{\"@type\":\"ImageObject\",\"inLanguage\":\"fr-FR\",\"@id\":\"https:\/\/www.norman-k.com\/fr\/carriere\/#primaryimage\",\"url\":\"https:\/\/www.norman-k.com\/wp-content\/uploads\/2022\/12\/NORMAN_K-PRO-23-Copie-scaled.jpg\",\"contentUrl\":\"https:\/\/www.norman-k.com\/wp-content\/uploads\/2022\/12\/NORMAN_K-PRO-23-Copie-scaled.jpg\",\"width\":2560,\"height\":864},{\"@type\":\"BreadcrumbList\",\"@id\":\"https:\/\/www.norman-k.com\/fr\/carriere\/#breadcrumb\",\"itemListElement\":[{\"@type\":\"ListItem\",\"position\":1,\"name\":\"Accueil\",\"item\":\"https:\/\/www.norman-k.com\/fr\/\"},{\"@type\":\"ListItem\",\"position\":2,\"name\":\"Carri\u00e8re\"}]},{\"@type\":\"WebSite\",\"@id\":\"https:\/\/www.norman-k.com\/#website\",\"url\":\"https:\/\/www.norman-k.com\/\",\"name\":\"Norman K\",\"description\":\"\",\"potentialAction\":[{\"@type\":\"SearchAction\",\"target\":{\"@type\":\"EntryPoint\",\"urlTemplate\":\"https:\/\/www.norman-k.com\/?s={search_term_string}\"},\"query-input\":{\"@type\":\"PropertyValueSpecification\",\"valueRequired\":true,\"valueName\":\"search_term_string\"}}],\"inLanguage\":\"fr-FR\"}]}<\/script>\n<!-- \/ Yoast SEO plugin. -->","yoast_head_json":{"title":"Carri\u00e8re &#8212; Norman K","description":"Chez Norman K. nous valorisons nos collaborateurs et souhaitons les int\u00e9grer de mani\u00e8re durable au d\u00e9veloppement de la soci\u00e9t\u00e9.","robots":{"index":"index","follow":"follow","max-snippet":"max-snippet:-1","max-image-preview":"max-image-preview:large","max-video-preview":"max-video-preview:-1"},"canonical":"https:\/\/www.norman-k.com\/fr\/carriere\/","og_locale":"fr_FR","og_type":"article","og_title":"Carri\u00e8re &#8212; Norman K","og_description":"Chez Norman K. nous valorisons nos collaborateurs et souhaitons les int\u00e9grer de mani\u00e8re durable au d\u00e9veloppement de la soci\u00e9t\u00e9.","og_url":"https:\/\/www.norman-k.com\/fr\/carriere\/","og_site_name":"Norman K","article_modified_time":"2022-12-14T17:00:14+00:00","og_image":[{"width":2560,"height":864,"url":"https:\/\/www.norman-k.com\/wp-content\/uploads\/2022\/12\/NORMAN_K-PRO-23-Copie-scaled.jpg","type":"image\/jpeg"}],"twitter_card":"summary_large_image","schema":{"@context":"https:\/\/schema.org","@graph":[{"@type":"WebPage","@id":"https:\/\/www.norman-k.com\/fr\/carriere\/","url":"https:\/\/www.norman-k.com\/fr\/carriere\/","name":"Carri\u00e8re &#8212; Norman K","isPartOf":{"@id":"https:\/\/www.norman-k.com\/#website"},"primaryImageOfPage":{"@id":"https:\/\/www.norman-k.com\/fr\/carriere\/#primaryimage"},"image":{"@id":"https:\/\/www.norman-k.com\/fr\/carriere\/#primaryimage"},"thumbnailUrl":"https:\/\/www.norman-k.com\/wp-content\/uploads\/2022\/12\/NORMAN_K-PRO-23-Copie-scaled.jpg","datePublished":"2021-07-05T13:53:51+00:00","dateModified":"2022-12-14T17:00:14+00:00","description":"Chez Norman K. nous valorisons nos collaborateurs et souhaitons les int\u00e9grer de mani\u00e8re durable au d\u00e9veloppement de la soci\u00e9t\u00e9.","breadcrumb":{"@id":"https:\/\/www.norman-k.com\/fr\/carriere\/#breadcrumb"},"inLanguage":"fr-FR","potentialAction":[{"@type":"ReadAction","target":["https:\/\/www.norman-k.com\/fr\/carriere\/"]}]},{"@type":"ImageObject","inLanguage":"fr-FR","@id":"https:\/\/www.norman-k.com\/fr\/carriere\/#primaryimage","url":"https:\/\/www.norman-k.com\/wp-content\/uploads\/2022\/12\/NORMAN_K-PRO-23-Copie-scaled.jpg","contentUrl":"https:\/\/www.norman-k.com\/wp-content\/uploads\/2022\/12\/NORMAN_K-PRO-23-Copie-scaled.jpg","width":2560,"height":864},{"@type":"BreadcrumbList","@id":"https:\/\/www.norman-k.com\/fr\/carriere\/#breadcrumb","itemListElement":[{"@type":"ListItem","position":1,"name":"Accueil","item":"https:\/\/www.norman-k.com\/fr\/"},{"@type":"ListItem","position":2,"name":"Carri\u00e8re"}]},{"@type":"WebSite","@id":"https:\/\/www.norman-k.com\/#website","url":"https:\/\/www.norman-k.com\/","name":"Norman K","description":"","potentialAction":[{"@type":"SearchAction","target":{"@type":"EntryPoint","urlTemplate":"https:\/\/www.norman-k.com\/?s={search_term_string}"},"query-input":{"@type":"PropertyValueSpecification","valueRequired":true,"valueName":"search_term_string"}}],"inLanguage":"fr-FR"}]}},"_links":{"self":[{"href":"https:\/\/www.norman-k.com\/fr\/wp-json\/wp\/v2\/pages\/245","targetHints":{"allow":["GET"]}}],"collection":[{"href":"https:\/\/www.norman-k.com\/fr\/wp-json\/wp\/v2\/pages"}],"about":[{"href":"https:\/\/www.norman-k.com\/fr\/wp-json\/wp\/v2\/types\/page"}],"author":[{"embeddable":true,"href":"https:\/\/www.norman-k.com\/fr\/wp-json\/wp\/v2\/users\/1"}],"replies":[{"embeddable":true,"href":"https:\/\/www.norman-k.com\/fr\/wp-json\/wp\/v2\/comments?post=245"}],"version-history":[{"count":36,"href":"https:\/\/www.norman-k.com\/fr\/wp-json\/wp\/v2\/pages\/245\/revisions"}],"predecessor-version":[{"id":1746,"href":"https:\/\/www.norman-k.com\/fr\/wp-json\/wp\/v2\/pages\/245\/revisions\/1746"}],"wp:featuredmedia":[{"embeddable":true,"href":"https:\/\/www.norman-k.com\/fr\/wp-json\/wp\/v2\/media\/1735"}],"wp:attachment":[{"href":"https:\/\/www.norman-k.com\/fr\/wp-json\/wp\/v2\/media?parent=245"}],"curies":[{"name":"wp","href":"https:\/\/api.w.org\/{rel}","templated":true}]}}