{"id":2,"date":"2021-06-14T17:00:33","date_gmt":"2021-06-14T15:00:33","guid":{"rendered":"http:\/\/localhost:8888\/norman-k\/?page_id=2"},"modified":"2026-03-06T18:50:04","modified_gmt":"2026-03-06T17:50:04","slug":"page-d-exemple","status":"publish","type":"page","link":"https:\/\/www.norman-k.com\/fr\/","title":{"rendered":"Page d&rsquo;accueil"},"content":{"rendered":"","protected":false},"excerpt":{"rendered":"","protected":false},"author":1,"featured_media":344,"parent":0,"menu_order":32,"comment_status":"closed","ping_status":"open","template":"front-page.php","meta":{"_acf_changed":false,"footnotes":""},"class_list":["post-2","page","type-page","status-publish","has-post-thumbnail","hentry"],"acf":[],"yoast_head":"<!-- This site is optimized with the Yoast SEO plugin v27.1.1 - https:\/\/yoast.com\/product\/yoast-seo-wordpress\/ -->\n<title>Norman K | Your Neo-Investment Partner<\/title>\n<meta name=\"description\" content=\"L&#039;\u00e9quipe Norman K. vous accompagne dans toutes les \u00e9tapes de la gestion de votre fortune. Chez Norman K., nous avons la certitude que r\u00e9unir les bonnes personnes au bon endroit fait la diff\u00e9rence en rendant possible les envies et projets de nos clients.\" \/>\n<meta name=\"robots\" content=\"index, follow, max-snippet:-1, max-image-preview:large, max-video-preview:-1\" \/>\n<link rel=\"canonical\" href=\"https:\/\/www.norman-k.com\/fr\/\" \/>\n<meta property=\"og:locale\" content=\"fr_FR\" \/>\n<meta property=\"og:type\" content=\"article\" \/>\n<meta property=\"og:title\" content=\"Norman K | Your Neo-Investment Partner\" \/>\n<meta property=\"og:description\" content=\"L&#039;\u00e9quipe Norman K. vous accompagne dans toutes les \u00e9tapes de la gestion de votre fortune. Chez Norman K., nous avons la certitude que r\u00e9unir les bonnes personnes au bon endroit fait la diff\u00e9rence en rendant possible les envies et projets de nos clients.\" \/>\n<meta property=\"og:url\" content=\"https:\/\/www.norman-k.com\/fr\/\" \/>\n<meta property=\"og:site_name\" content=\"Norman K\" \/>\n<meta property=\"article:modified_time\" content=\"2026-03-06T17:50:04+00:00\" \/>\n<meta property=\"og:image\" content=\"https:\/\/www.norman-k.com\/wp-content\/uploads\/2021\/07\/Berlin-scaled.jpg\" \/>\n\t<meta property=\"og:image:width\" content=\"2560\" \/>\n\t<meta property=\"og:image:height\" content=\"1704\" \/>\n\t<meta property=\"og:image:type\" content=\"image\/jpeg\" \/>\n<meta name=\"twitter:card\" content=\"summary_large_image\" \/>\n<script type=\"application\/ld+json\" class=\"yoast-schema-graph\">{\"@context\":\"https:\/\/schema.org\",\"@graph\":[{\"@type\":\"WebPage\",\"@id\":\"https:\/\/www.norman-k.com\/fr\/\",\"url\":\"https:\/\/www.norman-k.com\/fr\/\",\"name\":\"Norman K | Your Neo-Investment Partner\",\"isPartOf\":{\"@id\":\"https:\/\/www.norman-k.com\/#website\"},\"primaryImageOfPage\":{\"@id\":\"https:\/\/www.norman-k.com\/fr\/#primaryimage\"},\"image\":{\"@id\":\"https:\/\/www.norman-k.com\/fr\/#primaryimage\"},\"thumbnailUrl\":\"https:\/\/www.norman-k.com\/wp-content\/uploads\/2021\/07\/Berlin-scaled.jpg\",\"datePublished\":\"2021-06-14T15:00:33+00:00\",\"dateModified\":\"2026-03-06T17:50:04+00:00\",\"description\":\"L'\u00e9quipe Norman K. vous accompagne dans toutes les \u00e9tapes de la gestion de votre fortune. Chez Norman K., nous avons la certitude que r\u00e9unir les bonnes personnes au bon endroit fait la diff\u00e9rence en rendant possible les envies et projets de nos clients.\",\"breadcrumb\":{\"@id\":\"https:\/\/www.norman-k.com\/fr\/#breadcrumb\"},\"inLanguage\":\"fr-FR\",\"potentialAction\":[{\"@type\":\"ReadAction\",\"target\":[\"https:\/\/www.norman-k.com\/fr\/\"]}]},{\"@type\":\"ImageObject\",\"inLanguage\":\"fr-FR\",\"@id\":\"https:\/\/www.norman-k.com\/fr\/#primaryimage\",\"url\":\"https:\/\/www.norman-k.com\/wp-content\/uploads\/2021\/07\/Berlin-scaled.jpg\",\"contentUrl\":\"https:\/\/www.norman-k.com\/wp-content\/uploads\/2021\/07\/Berlin-scaled.jpg\",\"width\":2560,\"height\":1704},{\"@type\":\"BreadcrumbList\",\"@id\":\"https:\/\/www.norman-k.com\/fr\/#breadcrumb\",\"itemListElement\":[{\"@type\":\"ListItem\",\"position\":1,\"name\":\"Accueil\",\"item\":\"https:\/\/www.norman-k.com\/fr\/\"},{\"@type\":\"ListItem\",\"position\":2,\"name\":\"Page d&rsquo;accueil\"}]},{\"@type\":\"WebSite\",\"@id\":\"https:\/\/www.norman-k.com\/#website\",\"url\":\"https:\/\/www.norman-k.com\/\",\"name\":\"Norman K\",\"description\":\"\",\"potentialAction\":[{\"@type\":\"SearchAction\",\"target\":{\"@type\":\"EntryPoint\",\"urlTemplate\":\"https:\/\/www.norman-k.com\/?s={search_term_string}\"},\"query-input\":{\"@type\":\"PropertyValueSpecification\",\"valueRequired\":true,\"valueName\":\"search_term_string\"}}],\"inLanguage\":\"fr-FR\"}]}<\/script>\n<!-- \/ Yoast SEO plugin. -->","yoast_head_json":{"title":"Norman K | Your Neo-Investment Partner","description":"L'\u00e9quipe Norman K. vous accompagne dans toutes les \u00e9tapes de la gestion de votre fortune. Chez Norman K., nous avons la certitude que r\u00e9unir les bonnes personnes au bon endroit fait la diff\u00e9rence en rendant possible les envies et projets de nos clients.","robots":{"index":"index","follow":"follow","max-snippet":"max-snippet:-1","max-image-preview":"max-image-preview:large","max-video-preview":"max-video-preview:-1"},"canonical":"https:\/\/www.norman-k.com\/fr\/","og_locale":"fr_FR","og_type":"article","og_title":"Norman K | Your Neo-Investment Partner","og_description":"L'\u00e9quipe Norman K. vous accompagne dans toutes les \u00e9tapes de la gestion de votre fortune. Chez Norman K., nous avons la certitude que r\u00e9unir les bonnes personnes au bon endroit fait la diff\u00e9rence en rendant possible les envies et projets de nos clients.","og_url":"https:\/\/www.norman-k.com\/fr\/","og_site_name":"Norman K","article_modified_time":"2026-03-06T17:50:04+00:00","og_image":[{"width":2560,"height":1704,"url":"https:\/\/www.norman-k.com\/wp-content\/uploads\/2021\/07\/Berlin-scaled.jpg","type":"image\/jpeg"}],"twitter_card":"summary_large_image","schema":{"@context":"https:\/\/schema.org","@graph":[{"@type":"WebPage","@id":"https:\/\/www.norman-k.com\/fr\/","url":"https:\/\/www.norman-k.com\/fr\/","name":"Norman K | Your Neo-Investment Partner","isPartOf":{"@id":"https:\/\/www.norman-k.com\/#website"},"primaryImageOfPage":{"@id":"https:\/\/www.norman-k.com\/fr\/#primaryimage"},"image":{"@id":"https:\/\/www.norman-k.com\/fr\/#primaryimage"},"thumbnailUrl":"https:\/\/www.norman-k.com\/wp-content\/uploads\/2021\/07\/Berlin-scaled.jpg","datePublished":"2021-06-14T15:00:33+00:00","dateModified":"2026-03-06T17:50:04+00:00","description":"L'\u00e9quipe Norman K. vous accompagne dans toutes les \u00e9tapes de la gestion de votre fortune. Chez Norman K., nous avons la certitude que r\u00e9unir les bonnes personnes au bon endroit fait la diff\u00e9rence en rendant possible les envies et projets de nos clients.","breadcrumb":{"@id":"https:\/\/www.norman-k.com\/fr\/#breadcrumb"},"inLanguage":"fr-FR","potentialAction":[{"@type":"ReadAction","target":["https:\/\/www.norman-k.com\/fr\/"]}]},{"@type":"ImageObject","inLanguage":"fr-FR","@id":"https:\/\/www.norman-k.com\/fr\/#primaryimage","url":"https:\/\/www.norman-k.com\/wp-content\/uploads\/2021\/07\/Berlin-scaled.jpg","contentUrl":"https:\/\/www.norman-k.com\/wp-content\/uploads\/2021\/07\/Berlin-scaled.jpg","width":2560,"height":1704},{"@type":"BreadcrumbList","@id":"https:\/\/www.norman-k.com\/fr\/#breadcrumb","itemListElement":[{"@type":"ListItem","position":1,"name":"Accueil","item":"https:\/\/www.norman-k.com\/fr\/"},{"@type":"ListItem","position":2,"name":"Page d&rsquo;accueil"}]},{"@type":"WebSite","@id":"https:\/\/www.norman-k.com\/#website","url":"https:\/\/www.norman-k.com\/","name":"Norman K","description":"","potentialAction":[{"@type":"SearchAction","target":{"@type":"EntryPoint","urlTemplate":"https:\/\/www.norman-k.com\/?s={search_term_string}"},"query-input":{"@type":"PropertyValueSpecification","valueRequired":true,"valueName":"search_term_string"}}],"inLanguage":"fr-FR"}]}},"_links":{"self":[{"href":"https:\/\/www.norman-k.com\/fr\/wp-json\/wp\/v2\/pages\/2","targetHints":{"allow":["GET"]}}],"collection":[{"href":"https:\/\/www.norman-k.com\/fr\/wp-json\/wp\/v2\/pages"}],"about":[{"href":"https:\/\/www.norman-k.com\/fr\/wp-json\/wp\/v2\/types\/page"}],"author":[{"embeddable":true,"href":"https:\/\/www.norman-k.com\/fr\/wp-json\/wp\/v2\/users\/1"}],"replies":[{"embeddable":true,"href":"https:\/\/www.norman-k.com\/fr\/wp-json\/wp\/v2\/comments?post=2"}],"version-history":[{"count":125,"href":"https:\/\/www.norman-k.com\/fr\/wp-json\/wp\/v2\/pages\/2\/revisions"}],"predecessor-version":[{"id":3666,"href":"https:\/\/www.norman-k.com\/fr\/wp-json\/wp\/v2\/pages\/2\/revisions\/3666"}],"wp:featuredmedia":[{"embeddable":true,"href":"https:\/\/www.norman-k.com\/fr\/wp-json\/wp\/v2\/media\/344"}],"wp:attachment":[{"href":"https:\/\/www.norman-k.com\/fr\/wp-json\/wp\/v2\/media?parent=2"}],"curies":[{"name":"wp","href":"https:\/\/api.w.org\/{rel}","templated":true}]}}