{"id":164,"date":"2021-06-30T18:21:29","date_gmt":"2021-06-30T16:21:29","guid":{"rendered":"http:\/\/localhost:8888\/norman-k\/?page_id=164"},"modified":"2022-01-13T10:22:01","modified_gmt":"2022-01-13T09:22:01","slug":"la-team-normank","status":"publish","type":"page","link":"https:\/\/www.norman-k.com\/fr\/qui-sommes-nous\/la-team-normank\/","title":{"rendered":"La Team Norman K."},"content":{"rendered":"","protected":false},"excerpt":{"rendered":"","protected":false},"author":1,"featured_media":760,"parent":530,"menu_order":24,"comment_status":"closed","ping_status":"closed","template":"about.php","meta":{"_acf_changed":false,"footnotes":""},"class_list":["post-164","page","type-page","status-publish","has-post-thumbnail","hentry"],"acf":[],"yoast_head":"<!-- This site is optimized with the Yoast SEO plugin v27.1.1 - https:\/\/yoast.com\/product\/yoast-seo-wordpress\/ -->\n<title>La Team Norman K. &#8212; Norman K<\/title>\n<meta name=\"description\" content=\"Notre \u00e9quipe est constitu\u00e9e de professionnels du secteur de la gestion de fortune ayant acquis au fil des ans une r\u00e9elle expertise dans la gestion de fortune notamment dans les domaines de la gestion d\u2019actifs, du financement et de l\u2019assurance vie.\" \/>\n<meta name=\"robots\" content=\"index, follow, max-snippet:-1, max-image-preview:large, max-video-preview:-1\" \/>\n<link rel=\"canonical\" href=\"https:\/\/www.norman-k.com\/fr\/qui-sommes-nous\/la-team-normank\/\" \/>\n<meta property=\"og:locale\" content=\"fr_FR\" \/>\n<meta property=\"og:type\" content=\"article\" \/>\n<meta property=\"og:title\" content=\"La Team Norman K. &#8212; Norman K\" \/>\n<meta property=\"og:description\" content=\"Notre \u00e9quipe est constitu\u00e9e de professionnels du secteur de la gestion de fortune ayant acquis au fil des ans une r\u00e9elle expertise dans la gestion de fortune notamment dans les domaines de la gestion d\u2019actifs, du financement et de l\u2019assurance vie.\" \/>\n<meta property=\"og:url\" content=\"https:\/\/www.norman-k.com\/fr\/qui-sommes-nous\/la-team-normank\/\" \/>\n<meta property=\"og:site_name\" content=\"Norman K\" \/>\n<meta property=\"article:modified_time\" content=\"2022-01-13T09:22:01+00:00\" \/>\n<meta property=\"og:image\" content=\"https:\/\/www.norman-k.com\/wp-content\/uploads\/2021\/11\/iStock-1256434595.jpg\" \/>\n\t<meta property=\"og:image:width\" content=\"2311\" \/>\n\t<meta property=\"og:image:height\" content=\"1297\" \/>\n\t<meta property=\"og:image:type\" content=\"image\/jpeg\" \/>\n<meta name=\"twitter:card\" content=\"summary_large_image\" \/>\n<script type=\"application\/ld+json\" class=\"yoast-schema-graph\">{\"@context\":\"https:\/\/schema.org\",\"@graph\":[{\"@type\":\"WebPage\",\"@id\":\"https:\/\/www.norman-k.com\/fr\/qui-sommes-nous\/la-team-normank\/\",\"url\":\"https:\/\/www.norman-k.com\/fr\/qui-sommes-nous\/la-team-normank\/\",\"name\":\"La Team Norman K. &#8212; Norman K\",\"isPartOf\":{\"@id\":\"https:\/\/www.norman-k.com\/#website\"},\"primaryImageOfPage\":{\"@id\":\"https:\/\/www.norman-k.com\/fr\/qui-sommes-nous\/la-team-normank\/#primaryimage\"},\"image\":{\"@id\":\"https:\/\/www.norman-k.com\/fr\/qui-sommes-nous\/la-team-normank\/#primaryimage\"},\"thumbnailUrl\":\"https:\/\/www.norman-k.com\/wp-content\/uploads\/2021\/11\/iStock-1256434595.jpg\",\"datePublished\":\"2021-06-30T16:21:29+00:00\",\"dateModified\":\"2022-01-13T09:22:01+00:00\",\"description\":\"Notre \u00e9quipe est constitu\u00e9e de professionnels du secteur de la gestion de fortune ayant acquis au fil des ans une r\u00e9elle expertise dans la gestion de fortune notamment dans les domaines de la gestion d\u2019actifs, du financement et de l\u2019assurance vie.\",\"breadcrumb\":{\"@id\":\"https:\/\/www.norman-k.com\/fr\/qui-sommes-nous\/la-team-normank\/#breadcrumb\"},\"inLanguage\":\"fr-FR\",\"potentialAction\":[{\"@type\":\"ReadAction\",\"target\":[\"https:\/\/www.norman-k.com\/fr\/qui-sommes-nous\/la-team-normank\/\"]}]},{\"@type\":\"ImageObject\",\"inLanguage\":\"fr-FR\",\"@id\":\"https:\/\/www.norman-k.com\/fr\/qui-sommes-nous\/la-team-normank\/#primaryimage\",\"url\":\"https:\/\/www.norman-k.com\/wp-content\/uploads\/2021\/11\/iStock-1256434595.jpg\",\"contentUrl\":\"https:\/\/www.norman-k.com\/wp-content\/uploads\/2021\/11\/iStock-1256434595.jpg\",\"width\":2311,\"height\":1297,\"caption\":\"He looks off to distance mountain ranges\"},{\"@type\":\"BreadcrumbList\",\"@id\":\"https:\/\/www.norman-k.com\/fr\/qui-sommes-nous\/la-team-normank\/#breadcrumb\",\"itemListElement\":[{\"@type\":\"ListItem\",\"position\":1,\"name\":\"Accueil\",\"item\":\"https:\/\/www.norman-k.com\/fr\/\"},{\"@type\":\"ListItem\",\"position\":2,\"name\":\"Qui sommes-nous ?\",\"item\":\"https:\/\/www.norman-k.com\/fr\/qui-sommes-nous\/\"},{\"@type\":\"ListItem\",\"position\":3,\"name\":\"La Team Norman K.\"}]},{\"@type\":\"WebSite\",\"@id\":\"https:\/\/www.norman-k.com\/#website\",\"url\":\"https:\/\/www.norman-k.com\/\",\"name\":\"Norman K\",\"description\":\"\",\"potentialAction\":[{\"@type\":\"SearchAction\",\"target\":{\"@type\":\"EntryPoint\",\"urlTemplate\":\"https:\/\/www.norman-k.com\/?s={search_term_string}\"},\"query-input\":{\"@type\":\"PropertyValueSpecification\",\"valueRequired\":true,\"valueName\":\"search_term_string\"}}],\"inLanguage\":\"fr-FR\"}]}<\/script>\n<!-- \/ Yoast SEO plugin. -->","yoast_head_json":{"title":"La Team Norman K. &#8212; Norman K","description":"Notre \u00e9quipe est constitu\u00e9e de professionnels du secteur de la gestion de fortune ayant acquis au fil des ans une r\u00e9elle expertise dans la gestion de fortune notamment dans les domaines de la gestion d\u2019actifs, du financement et de l\u2019assurance vie.","robots":{"index":"index","follow":"follow","max-snippet":"max-snippet:-1","max-image-preview":"max-image-preview:large","max-video-preview":"max-video-preview:-1"},"canonical":"https:\/\/www.norman-k.com\/fr\/qui-sommes-nous\/la-team-normank\/","og_locale":"fr_FR","og_type":"article","og_title":"La Team Norman K. &#8212; Norman K","og_description":"Notre \u00e9quipe est constitu\u00e9e de professionnels du secteur de la gestion de fortune ayant acquis au fil des ans une r\u00e9elle expertise dans la gestion de fortune notamment dans les domaines de la gestion d\u2019actifs, du financement et de l\u2019assurance vie.","og_url":"https:\/\/www.norman-k.com\/fr\/qui-sommes-nous\/la-team-normank\/","og_site_name":"Norman K","article_modified_time":"2022-01-13T09:22:01+00:00","og_image":[{"width":2311,"height":1297,"url":"https:\/\/www.norman-k.com\/wp-content\/uploads\/2021\/11\/iStock-1256434595.jpg","type":"image\/jpeg"}],"twitter_card":"summary_large_image","schema":{"@context":"https:\/\/schema.org","@graph":[{"@type":"WebPage","@id":"https:\/\/www.norman-k.com\/fr\/qui-sommes-nous\/la-team-normank\/","url":"https:\/\/www.norman-k.com\/fr\/qui-sommes-nous\/la-team-normank\/","name":"La Team Norman K. &#8212; Norman K","isPartOf":{"@id":"https:\/\/www.norman-k.com\/#website"},"primaryImageOfPage":{"@id":"https:\/\/www.norman-k.com\/fr\/qui-sommes-nous\/la-team-normank\/#primaryimage"},"image":{"@id":"https:\/\/www.norman-k.com\/fr\/qui-sommes-nous\/la-team-normank\/#primaryimage"},"thumbnailUrl":"https:\/\/www.norman-k.com\/wp-content\/uploads\/2021\/11\/iStock-1256434595.jpg","datePublished":"2021-06-30T16:21:29+00:00","dateModified":"2022-01-13T09:22:01+00:00","description":"Notre \u00e9quipe est constitu\u00e9e de professionnels du secteur de la gestion de fortune ayant acquis au fil des ans une r\u00e9elle expertise dans la gestion de fortune notamment dans les domaines de la gestion d\u2019actifs, du financement et de l\u2019assurance vie.","breadcrumb":{"@id":"https:\/\/www.norman-k.com\/fr\/qui-sommes-nous\/la-team-normank\/#breadcrumb"},"inLanguage":"fr-FR","potentialAction":[{"@type":"ReadAction","target":["https:\/\/www.norman-k.com\/fr\/qui-sommes-nous\/la-team-normank\/"]}]},{"@type":"ImageObject","inLanguage":"fr-FR","@id":"https:\/\/www.norman-k.com\/fr\/qui-sommes-nous\/la-team-normank\/#primaryimage","url":"https:\/\/www.norman-k.com\/wp-content\/uploads\/2021\/11\/iStock-1256434595.jpg","contentUrl":"https:\/\/www.norman-k.com\/wp-content\/uploads\/2021\/11\/iStock-1256434595.jpg","width":2311,"height":1297,"caption":"He looks off to distance mountain ranges"},{"@type":"BreadcrumbList","@id":"https:\/\/www.norman-k.com\/fr\/qui-sommes-nous\/la-team-normank\/#breadcrumb","itemListElement":[{"@type":"ListItem","position":1,"name":"Accueil","item":"https:\/\/www.norman-k.com\/fr\/"},{"@type":"ListItem","position":2,"name":"Qui sommes-nous ?","item":"https:\/\/www.norman-k.com\/fr\/qui-sommes-nous\/"},{"@type":"ListItem","position":3,"name":"La Team Norman K."}]},{"@type":"WebSite","@id":"https:\/\/www.norman-k.com\/#website","url":"https:\/\/www.norman-k.com\/","name":"Norman K","description":"","potentialAction":[{"@type":"SearchAction","target":{"@type":"EntryPoint","urlTemplate":"https:\/\/www.norman-k.com\/?s={search_term_string}"},"query-input":{"@type":"PropertyValueSpecification","valueRequired":true,"valueName":"search_term_string"}}],"inLanguage":"fr-FR"}]}},"_links":{"self":[{"href":"https:\/\/www.norman-k.com\/fr\/wp-json\/wp\/v2\/pages\/164","targetHints":{"allow":["GET"]}}],"collection":[{"href":"https:\/\/www.norman-k.com\/fr\/wp-json\/wp\/v2\/pages"}],"about":[{"href":"https:\/\/www.norman-k.com\/fr\/wp-json\/wp\/v2\/types\/page"}],"author":[{"embeddable":true,"href":"https:\/\/www.norman-k.com\/fr\/wp-json\/wp\/v2\/users\/1"}],"replies":[{"embeddable":true,"href":"https:\/\/www.norman-k.com\/fr\/wp-json\/wp\/v2\/comments?post=164"}],"version-history":[{"count":32,"href":"https:\/\/www.norman-k.com\/fr\/wp-json\/wp\/v2\/pages\/164\/revisions"}],"predecessor-version":[{"id":1061,"href":"https:\/\/www.norman-k.com\/fr\/wp-json\/wp\/v2\/pages\/164\/revisions\/1061"}],"up":[{"embeddable":true,"href":"https:\/\/www.norman-k.com\/fr\/wp-json\/wp\/v2\/pages\/530"}],"wp:featuredmedia":[{"embeddable":true,"href":"https:\/\/www.norman-k.com\/fr\/wp-json\/wp\/v2\/media\/760"}],"wp:attachment":[{"href":"https:\/\/www.norman-k.com\/fr\/wp-json\/wp\/v2\/media?parent=164"}],"curies":[{"name":"wp","href":"https:\/\/api.w.org\/{rel}","templated":true}]}}